{"id":2435,"date":"2024-01-12T17:51:55","date_gmt":"2024-01-12T21:51:55","guid":{"rendered":"https:\/\/casa-gawa.cl\/cg\/?post_type=product&#038;p=2435"},"modified":"2026-02-03T14:03:46","modified_gmt":"2026-02-03T18:03:46","slug":"nota-adhesiva-rectangular","status":"publish","type":"product","link":"https:\/\/casa-gawa.cl\/cg\/tienda\/papeleria\/memo\/nota-adhesiva-rectangular\/","title":{"rendered":"Nota adhesiva rectangular"},"content":{"rendered":"<p>Furukawa Shiko es una empresa japonesa, fundado en 1835, especializado en la producci\u00f3n de papeler\u00eda. Elaboran dise\u00f1os \u00fanicos de papeler\u00eda usando papel Mino desde Gifu.<\/p>\n<p>&nbsp;<\/p>\n","protected":false},"excerpt":{"rendered":"<p>Varios dise\u00f1os de<br \/>\nnota adhesiva<br \/>\nexclusiva de Furukwashiko.<br \/>\nTama\u00f1o: ~ 7,3 cm x 6,5 cm<br \/>\n30 hojas<\/p>\n<p>Hecho en Jap\u00f3n.<\/p>\n","protected":false},"featured_media":2437,"template":"","meta":[],"product_brand":[],"product_cat":[41,40,275,198],"product_tag":[215],"class_list":{"0":"post-2435","1":"product","2":"type-product","3":"status-publish","4":"has-post-thumbnail","6":"product_cat-memo","7":"product_cat-papeleria","8":"product_cat-papeleria-japonesa","9":"product_cat-planners-y-calendarios","10":"product_tag-sticky-note","11":"product_shipping_class-correos-valdivia-centro-mas3kg","12":"yith_product_brand-furukawashiko","14":"first","15":"instock","16":"taxable","17":"shipping-taxable","18":"purchasable","19":"product-type-variable"},"_links":{"self":[{"href":"https:\/\/casa-gawa.cl\/cg\/wp-json\/wp\/v2\/product\/2435","targetHints":{"allow":["GET"]}}],"collection":[{"href":"https:\/\/casa-gawa.cl\/cg\/wp-json\/wp\/v2\/product"}],"about":[{"href":"https:\/\/casa-gawa.cl\/cg\/wp-json\/wp\/v2\/types\/product"}],"wp:featuredmedia":[{"embeddable":true,"href":"https:\/\/casa-gawa.cl\/cg\/wp-json\/wp\/v2\/media\/2437"}],"wp:attachment":[{"href":"https:\/\/casa-gawa.cl\/cg\/wp-json\/wp\/v2\/media?parent=2435"}],"wp:term":[{"taxonomy":"product_brand","embeddable":true,"href":"https:\/\/casa-gawa.cl\/cg\/wp-json\/wp\/v2\/product_brand?post=2435"},{"taxonomy":"product_cat","embeddable":true,"href":"https:\/\/casa-gawa.cl\/cg\/wp-json\/wp\/v2\/product_cat?post=2435"},{"taxonomy":"product_tag","embeddable":true,"href":"https:\/\/casa-gawa.cl\/cg\/wp-json\/wp\/v2\/product_tag?post=2435"}],"curies":[{"name":"wp","href":"https:\/\/api.w.org\/{rel}","templated":true}]}}