{"id":2425,"date":"2024-01-12T18:37:10","date_gmt":"2024-01-12T22:37:10","guid":{"rendered":"https:\/\/casa-gawa.cl\/cg\/?post_type=product&#038;p=2425"},"modified":"2026-03-07T16:55:54","modified_gmt":"2026-03-07T20:55:54","slug":"nota-adhesiva-troquelada","status":"publish","type":"product","link":"https:\/\/casa-gawa.cl\/cg\/tienda\/papeleria\/cuadernos\/marcalibros\/nota-adhesiva-troquelada\/","title":{"rendered":"Nota adhesiva troquelada"},"content":{"rendered":"<p>Furukawa Shiko es una empresa japonesa, fundado en 1835, especializado en la producci\u00f3n de papeler\u00eda. Elaboran dise\u00f1os \u00fanicos de papeler\u00eda usando papel Mino desde Gifu.<\/p>\n<p>&nbsp;<\/p>\n","protected":false},"excerpt":{"rendered":"<p>Varios dise\u00f1os de<br \/>\nnota adhesiva troquelada<br \/>\nexclusiva de Furukwashiko.<br \/>\n20 hojas<\/p>\n<p>Hecho en Jap\u00f3n.<\/p>\n","protected":false},"featured_media":2428,"template":"","meta":[],"product_brand":[326],"product_cat":[242,312,41,40,275,198,325],"product_tag":[215],"class_list":{"0":"post-2425","1":"product","2":"type-product","3":"status-publish","4":"has-post-thumbnail","6":"product_brand-furukawashiko","7":"product_cat-gift-wrap-regalos","8":"product_cat-marcalibros","9":"product_cat-memo","10":"product_cat-papeleria","11":"product_cat-papeleria-japonesa","12":"product_cat-planners-y-calendarios","13":"product_cat-stickers-washi","14":"product_tag-sticky-note","15":"product_shipping_class-correos-valdivia-centro-mas3kg","16":"yith_product_brand-furukawashiko","18":"first","19":"instock","20":"taxable","21":"shipping-taxable","22":"purchasable","23":"product-type-variable"},"_links":{"self":[{"href":"https:\/\/casa-gawa.cl\/cg\/wp-json\/wp\/v2\/product\/2425","targetHints":{"allow":["GET"]}}],"collection":[{"href":"https:\/\/casa-gawa.cl\/cg\/wp-json\/wp\/v2\/product"}],"about":[{"href":"https:\/\/casa-gawa.cl\/cg\/wp-json\/wp\/v2\/types\/product"}],"wp:featuredmedia":[{"embeddable":true,"href":"https:\/\/casa-gawa.cl\/cg\/wp-json\/wp\/v2\/media\/2428"}],"wp:attachment":[{"href":"https:\/\/casa-gawa.cl\/cg\/wp-json\/wp\/v2\/media?parent=2425"}],"wp:term":[{"taxonomy":"product_brand","embeddable":true,"href":"https:\/\/casa-gawa.cl\/cg\/wp-json\/wp\/v2\/product_brand?post=2425"},{"taxonomy":"product_cat","embeddable":true,"href":"https:\/\/casa-gawa.cl\/cg\/wp-json\/wp\/v2\/product_cat?post=2425"},{"taxonomy":"product_tag","embeddable":true,"href":"https:\/\/casa-gawa.cl\/cg\/wp-json\/wp\/v2\/product_tag?post=2425"}],"curies":[{"name":"wp","href":"https:\/\/api.w.org\/{rel}","templated":true}]}}