{"id":2071,"date":"2023-11-19T21:40:39","date_gmt":"2023-11-20T01:40:39","guid":{"rendered":"https:\/\/casa-gawa.cl\/cg\/?post_type=product&#038;p=2071"},"modified":"2026-02-02T15:19:42","modified_gmt":"2026-02-02T19:19:42","slug":"cuaderno-ecologico-dear-me-notebook-when-you-feel-stressed","status":"publish","type":"product","link":"https:\/\/casa-gawa.cl\/cg\/tienda\/papeleria\/cuadernos\/cuaderno-ecologico-dear-me-notebook-when-you-feel-stressed\/","title":{"rendered":"cuaderno ecol\u00f3gico &#8211; Dear Me Notebook &#8211; When You Feel Stressed"},"content":{"rendered":"<p>Papemelroti es una marca filipina con trayectoria de m\u00e1s de m\u00e1s de 50 a\u00f1os. Muy popular con sus productos de papeler\u00eda e adornos del hogar utilizando materiales ecol\u00f3gicos como el papel reciclado. Todos sus productos son impreso y hecho en filipinas por los artesanos locales. Apoya varios programas de medios de vidas locales.<\/p>\n<p>Casa GAW\u00c2<sup>\u00ae<\/sup> est\u00e1 autorizada vender los productos de la marca Papemelroti.<\/p>\n","protected":false},"excerpt":{"rendered":"<p>Cuaderno con una p\u00e1gina con lineas y por otro lado blanco. Dise\u00f1o original creado por el artista gr\u00e1fico Roberto Alejandro de la marca. Exclusivo de la marca.<\/p>\n<blockquote><p>Esta libreta ecol\u00f3gica presenta citas e ilustraciones que te recuerdan amarte a ti mismo y priorizar tu salud f\u00edsica y mental. Ideal tanto para tu uso personal como para regalar.<\/p><\/blockquote>\n<p>Tama\u00f1o: 10,5 x 14 cm<br \/>\nHojas: 50 (100 p\u00e1ginas)<\/p>\n<p>Hecho con 100% papel reciclado. Hecho e imprimido en Filipinas<\/p>\n<p>Nota: Dada la naturaleza del material, es posible que haya algunas imperfecciones sutiles de la encuadernaci\u00f3n y la impresi\u00f3n, pero esto no deber\u00eda limitar su disfrute y uso de las agendas. Se hizo un esfuerzo para capturar las im\u00e1genes con luz ambiental a fin de mostrar los colores del dise\u00f1o lo m\u00e1s fielmente posible. Sin embargo, es importante tener en cuenta que puede haber ligeras variaciones debido a la luz y al tipo de pantalla que utilice para navegar por la p\u00e1gina.<\/p>\n","protected":false},"featured_media":2046,"template":"","meta":[],"product_brand":[295],"product_cat":[45],"product_tag":[125,163],"class_list":{"0":"post-2071","1":"product","2":"type-product","3":"status-publish","4":"has-post-thumbnail","6":"product_brand-papemelroti","7":"product_cat-cuadernos","8":"product_tag-papel-reciclado","9":"product_tag-papemelroti","10":"product_shipping_class-correos-valdivia-centro-mas3kg","11":"yith_product_brand-papemelroti","13":"first","14":"instock","15":"taxable","16":"shipping-taxable","17":"purchasable","18":"product-type-simple"},"_links":{"self":[{"href":"https:\/\/casa-gawa.cl\/cg\/wp-json\/wp\/v2\/product\/2071","targetHints":{"allow":["GET"]}}],"collection":[{"href":"https:\/\/casa-gawa.cl\/cg\/wp-json\/wp\/v2\/product"}],"about":[{"href":"https:\/\/casa-gawa.cl\/cg\/wp-json\/wp\/v2\/types\/product"}],"wp:featuredmedia":[{"embeddable":true,"href":"https:\/\/casa-gawa.cl\/cg\/wp-json\/wp\/v2\/media\/2046"}],"wp:attachment":[{"href":"https:\/\/casa-gawa.cl\/cg\/wp-json\/wp\/v2\/media?parent=2071"}],"wp:term":[{"taxonomy":"product_brand","embeddable":true,"href":"https:\/\/casa-gawa.cl\/cg\/wp-json\/wp\/v2\/product_brand?post=2071"},{"taxonomy":"product_cat","embeddable":true,"href":"https:\/\/casa-gawa.cl\/cg\/wp-json\/wp\/v2\/product_cat?post=2071"},{"taxonomy":"product_tag","embeddable":true,"href":"https:\/\/casa-gawa.cl\/cg\/wp-json\/wp\/v2\/product_tag?post=2071"}],"curies":[{"name":"wp","href":"https:\/\/api.w.org\/{rel}","templated":true}]}}