{"id":1854,"date":"2023-10-08T12:02:17","date_gmt":"2023-10-08T16:02:17","guid":{"rendered":"https:\/\/casa-gawa.cl\/cg\/?post_type=product&#038;p=1854"},"modified":"2026-02-10T18:04:10","modified_gmt":"2026-02-10T22:04:10","slug":"porta-telefono-triangular-multiproposito-ecologico-con-estuche","status":"publish","type":"product","link":"https:\/\/casa-gawa.cl\/cg\/tienda\/deco-moda\/porta-telefono-triangular-multiproposito-ecologico-con-estuche\/","title":{"rendered":"Porta tel\u00e9fono tri\u00e1ngular multiprop\u00f3sito ecol\u00f3gico con estuche"},"content":{"rendered":"<p><span class=\"HwtZe\" lang=\"es\"><span class=\"jCAhz ChMk0b\"><span class=\"ryNqvb\">un soporte para tel\u00e9fono doble de papel kraft en forma de panal.<\/span><\/span> <span class=\"jCAhz ChMk0b\"><span class=\"ryNqvb\">Tambi\u00e9n podr\u00eda contener y exhibir objetos planos livianos como libros de bolsillo,<\/span><\/span><\/span><\/p>\n","protected":false},"excerpt":{"rendered":"<p>Dise\u00f1o ganador de iF Design Award 2019<\/p>\n<p>Es liviano y tama\u00f1o suficiente para poder llevar en la mochilla, cartera.<\/p>\n<p>Forma: un tri\u00e1ngulo equilateral<br \/>\nTama\u00f1o: 9,5 cm de largo en los tres lados.<br \/>\nMaterial: papel kraft en forma de panal y de cart\u00f3n grueso o cart\u00f3n piedra kraft como suporte.<\/p>\n<p>Viene con un estuche de algod\u00f3n<\/p>\n","protected":false},"featured_media":1855,"template":"","meta":[],"product_brand":[317],"product_cat":[103],"product_tag":[231],"class_list":{"0":"post-1854","1":"product","2":"type-product","3":"status-publish","4":"has-post-thumbnail","6":"product_brand-casa-gawa","7":"product_cat-deco-moda","8":"product_tag-ecologico","9":"product_shipping_class-correos-valdivia-centro-mas3kg","10":"yith_product_brand-casa-gawa","12":"first","13":"instock","14":"taxable","15":"shipping-taxable","16":"purchasable","17":"product-type-simple"},"_links":{"self":[{"href":"https:\/\/casa-gawa.cl\/cg\/wp-json\/wp\/v2\/product\/1854","targetHints":{"allow":["GET"]}}],"collection":[{"href":"https:\/\/casa-gawa.cl\/cg\/wp-json\/wp\/v2\/product"}],"about":[{"href":"https:\/\/casa-gawa.cl\/cg\/wp-json\/wp\/v2\/types\/product"}],"wp:featuredmedia":[{"embeddable":true,"href":"https:\/\/casa-gawa.cl\/cg\/wp-json\/wp\/v2\/media\/1855"}],"wp:attachment":[{"href":"https:\/\/casa-gawa.cl\/cg\/wp-json\/wp\/v2\/media?parent=1854"}],"wp:term":[{"taxonomy":"product_brand","embeddable":true,"href":"https:\/\/casa-gawa.cl\/cg\/wp-json\/wp\/v2\/product_brand?post=1854"},{"taxonomy":"product_cat","embeddable":true,"href":"https:\/\/casa-gawa.cl\/cg\/wp-json\/wp\/v2\/product_cat?post=1854"},{"taxonomy":"product_tag","embeddable":true,"href":"https:\/\/casa-gawa.cl\/cg\/wp-json\/wp\/v2\/product_tag?post=1854"}],"curies":[{"name":"wp","href":"https:\/\/api.w.org\/{rel}","templated":true}]}}