{"id":821,"date":"2023-07-03T02:22:44","date_gmt":"2023-07-03T06:22:44","guid":{"rendered":"https:\/\/casa-gawa.cl\/cg\/?page_id=821"},"modified":"2023-12-03T08:52:12","modified_gmt":"2023-12-03T12:52:12","slug":"como-comprar","status":"publish","type":"page","link":"https:\/\/casa-gawa.cl\/cg\/como-comprar\/","title":{"rendered":"C\u00f3mo comprar"},"content":{"rendered":"\n<p>*Nota: <\/p>\n\n\n\n<div class=\"wp-block-group\"><div class=\"wp-block-group__inner-container is-layout-constrained wp-block-group-is-layout-constrained\">\n<blockquote class=\"wp-block-quote is-layout-flow wp-block-quote-is-layout-flow\">\n<p><strong>Nota Importante:<\/strong><\/p>\n\n\n\n<p>Querido\/a visitante,<\/p>\n\n\n\n<p>Es un placer recibirte en nuestra tienda virtual. Si est\u00e1s leyendo esta p\u00e1gina en ingl\u00e9s o filipino, queremos informarte que se trata de una traducci\u00f3n autom\u00e1tica.<\/p>\n\n\n\n<p>Nos esforzamos por ofrecerte la mejor experiencia posible, y aunque hemos implementado esta traducci\u00f3n para tu comodidad, siempre recomendamos revisar la versi\u00f3n original en espa\u00f1ol para garantizar la comprensi\u00f3n precisa de nuestros contenidos.<\/p>\n\n\n\n<p>\u00a1Gracias por tu comprensi\u00f3n y disfruta de tu visita!<\/p>\n\n\n\n<p>Atentamente,<\/p>\n<cite>Casa GAW\u00c2<\/cite><\/blockquote>\n<\/div><\/div>\n\n\n\n<h1 class=\"wp-block-heading alignfull has-text-align-center has-huge-font-size\"><strong>Le damos la bienvenida a nuestra tienda online, Casa GAW\u00c2.<\/strong><\/h1>\n\n\n\n<hr class=\"wp-block-separator has-alpha-channel-opacity is-style-default\"\/>\n\n\n\n<h2 class=\"wp-block-heading\"><strong>C\u00f3mo navegar y comprar en la tienda virtual:<\/strong><\/h2>\n\n\n\n<p><strong>Navegaci\u00f3n y Compra en Nuestra Tienda:<\/strong><\/p>\n\n\n\n<p>En nuestro sitio web, los productos est\u00e1n organizados en diferentes categor\u00edas que puedes encontrar en el men\u00fa &#8220;Tienda&#8221;.<\/p>\n\n\n\n<p>Ofrecemos varios productos que permiten la elecci\u00f3n de variables. Cuando visitas la p\u00e1gina del producto, encontrar\u00e1s una funci\u00f3n que despliega las distintas opciones disponibles, cada una acompa\u00f1ada de una imagen representativa de esa elecci\u00f3n.<\/p>\n\n\n\n<p><strong>Im\u00e1genes y Contenido:<\/strong><\/p>\n\n\n\n<p>Debido a las variaciones en la configuraci\u00f3n de brillo y contraste de tu monitor y la iluminaci\u00f3n al tomar las fotos, las im\u00e1genes de los productos en el sitio web pueden tener ligeras diferencias con el producto real. Si tienes dudas, no dudes en contactarnos.<\/p>\n\n\n\n<p>Los derechos de logos de marcas, fotos, videos y contenido est\u00e1n reservados para sus respectivos autores, proveedores y Casa GAW\u00c2, seg\u00fan corresponda.<\/p>\n\n\n\n<p><strong>Precios y Disponibilidad:<\/strong><\/p>\n\n\n\n<p>Todos los productos en nuestro sitio web se muestran en pesos chilenos (CLP $) e incluyen el IVA (19%) en su precio. Actualmente, las ventas est\u00e1n disponibles solo dentro del territorio nacional. Ten en cuenta que nuestros productos tienen un stock limitado y pueden agotarse r\u00e1pidamente. Algunos de nuestros productos son hechos a mano y \u00fanicos.<\/p>\n\n\n\n<p><strong>A\u00f1adir al Carrito:<\/strong><\/p>\n\n\n\n<p>Al hacer clic en &#8220;A\u00f1adir al carrito&#8221;, los productos seleccionados se agregar\u00e1n a tu carrito de compra.<\/p>\n\n\n\n<p><strong>Env\u00edo y Direcci\u00f3n:<\/strong><\/p>\n\n\n\n<p>El costo del env\u00edo se calcula en funci\u00f3n del peso total acumulado de los productos en tu carrito, teniendo en cuenta el peso de su embalaje. Sin embargo, los productos de la categor\u00eda de Jardiner\u00eda tienen un costo de env\u00edo fijo, ya que se env\u00edan directamente desde nuestro taller en Santiago. Todos los dem\u00e1s productos se env\u00edan desde Valdivia.<\/p>\n\n\n\n<p>Antes de finalizar tu compra, aseg\u00farate de que la direcci\u00f3n est\u00e9 escrita correctamente y sea completa. Esto evitar\u00e1 retrasos en la entrega y garantizar\u00e1 que tu pedido llegue a la direcci\u00f3n correcta. Proporcionar un n\u00famero de tel\u00e9fono de contacto y una direcci\u00f3n de correo electr\u00f3nico es importante, ya que son las \u00fanicas formas en las que podemos comunicarnos contigo sobre tu compra.<\/p>\n\n\n\n<p><strong>Confirmaci\u00f3n de Compra:<\/strong><\/p>\n\n\n\n<p>Por favor, permitirnos de 72 horas (1 a 3 d\u00edas h\u00e1biles) para confirmar el stock y el pago, verificar si la direcci\u00f3n coincide con la zona de entrega y preparar el empaquetado de los pedidos. Durante las primeras 24 horas, a\u00fan tendr\u00e1s la posibilidad de realizar cambios en tu compra si fuera necesario.<\/p>\n\n\n\n<p><strong>Importante:<\/strong><\/p>\n\n\n\n<p>Revisa tu carpeta de correo &#8220;Spam&#8221; o &#8220;Junk Mail&#8221; en caso de que no recibas la confirmaci\u00f3n de compra en tu bandeja de entrada. Si encuentras nuestros correos en estas carpetas, m\u00e1rcalos como &#8220;No es spam&#8221; o similar para asegurarte de que los futuros correos relacionados con tu compra en l\u00ednea lleguen directamente a tu bandeja de entrada.<\/p>\n\n\n\n<h3 class=\"wp-block-heading has-text-align-center has-large-font-size\"><strong><em>\u00a1Gracias por elegir Casa GAW\u00c2 y <\/em><\/strong><br><strong><em>esperamos que disfrutes de tus compras!<\/em><\/strong><\/h3>\n\n\n\n<hr class=\"wp-block-separator has-alpha-channel-opacity\"\/>\n\n\n\n<h2 class=\"wp-block-heading\"><strong>Forma de pago<\/strong><\/h2>\n\n\n\n<p>Actualmente, ofrecemos dos opciones de pago:<\/p>\n\n\n\n<ol class=\"wp-block-list\">\n<li><strong>Transferencia Bancaria Directa:<\/strong> Por favor, incluya el n\u00famero de pedido en la nota de transferencia y env\u00edenos una copia del comprobante a nuestro correo.<\/li>\n\n\n\n<li><strong>Transbank Web Pay Plus:<\/strong> Aceptamos pagos con d\u00e9bito y cr\u00e9dito de varias instituciones bancarias y financieras a trav\u00e9s de Transbank.<\/li>\n<\/ol>\n\n\n\n<p>Tenga en cuenta que solo se generar\u00e1 una boleta para los pagos realizados mediante transferencia bancaria directa, ya que, seg\u00fan las regulaciones del Servicio de Impuestos Internos (SII), no se emiten boletas para los pagos realizados a trav\u00e9s de servicios como Transbank.<\/p>\n\n\n\n<hr class=\"wp-block-separator has-alpha-channel-opacity\"\/>\n\n\n\n<div class=\"wp-block-columns is-layout-flex wp-container-core-columns-is-layout-28f84493 wp-block-columns-is-layout-flex\">\n<div class=\"wp-block-column is-vertically-aligned-center is-layout-flow wp-block-column-is-layout-flow\">\n<figure class=\"wp-block-image size-large is-resized\"><img loading=\"lazy\" decoding=\"async\" width=\"683\" height=\"1024\" src=\"https:\/\/casa-gawa.cl\/cg\/wp-content\/uploads\/2023\/08\/60zqbdilhg0-683x1024.jpg\" alt=\"brown wooden board on white surface\" class=\"wp-image-1684\" style=\"width:394px;height:589px\" srcset=\"https:\/\/casa-gawa.cl\/cg\/wp-content\/uploads\/2023\/08\/60zqbdilhg0-683x1024.jpg 683w, https:\/\/casa-gawa.cl\/cg\/wp-content\/uploads\/2023\/08\/60zqbdilhg0-200x300.jpg 200w, https:\/\/casa-gawa.cl\/cg\/wp-content\/uploads\/2023\/08\/60zqbdilhg0-768x1152.jpg 768w, https:\/\/casa-gawa.cl\/cg\/wp-content\/uploads\/2023\/08\/60zqbdilhg0-416x624.jpg 416w, https:\/\/casa-gawa.cl\/cg\/wp-content\/uploads\/2023\/08\/60zqbdilhg0.jpg 800w\" sizes=\"auto, (max-width: 683px) 100vw, 683px\" \/><figcaption class=\"wp-element-caption\">Photo by <a href=\"https:\/\/unsplash.com\/@klerwonder?utm_source=instant-images&amp;utm_medium=referral\" target=\"_blank\" rel=\"noopener noreferrer\">Kl\u00e1ra Vernarcov\u00e1<\/a> on <a href=\"https:\/\/unsplash.com\" target=\"_blank\" rel=\"noopener noreferrer\">Unsplash<\/a><\/figcaption><\/figure>\n<\/div>\n\n\n\n<div class=\"wp-block-column is-layout-flow wp-block-column-is-layout-flow\">\n<h2 class=\"wp-block-heading\"><strong>Env\u00edo del producto<\/strong><\/h2>\n\n\n\n<p>Cuando posible, nosotros reciclamos o reutilizamos cajas o envueltos para empacar los productos.<\/p>\n\n\n\n<p>El costo del env\u00edo se determina en funci\u00f3n del tama\u00f1o y peso acumulado de los productos en su carrito de compra.<\/p>\n\n\n\n<p>Es importante que escriben correctamente la direcci\u00f3n, tel\u00e9fono de contacto, y correo electr\u00f3nico antes de completar la compra.<\/p>\n\n\n\n<p>Por el momento:<br><br>Todos los productos se enviar\u00e1n &#8220;<strong>por pagar<\/strong>&#8221; por Bluexpress y Correos de Chile. <\/p>\n\n\n\n<p>La cobertura del env\u00edo est\u00e1 basada al alcance del servicio que ofrecen Correos de Chile y Bluexpress.<\/p>\n\n\n\n<p>Para la categor\u00eda de Jardiner\u00eda, se incorpora en la selecci\u00f3n de producto la zona de env\u00edo por Bluexpress, se divide en rangos de valores seg\u00fan las zonas identificadas por la empresa: Zona Santiago, Zona Centro y Zona Extrema. Por favor, elija la zona de env\u00edo correspondiente, y su pedido se despachar\u00e1 dentro de un plazo de 72 horas, aproximadamente en un m\u00e1ximo de 3 d\u00edas h\u00e1biles, al punto de entrega de Bluexpress. Todos los env\u00edos se realizar\u00e1n a la direcci\u00f3n que haya indicado en la compra.<\/p>\n\n\n\n<p>Para los env\u00edos a Valdivia,  ofrecemos la posibilidad de retirar su pedido en la Sucursal Valdivia Centro de Correos de Chile. El plazo de retiro es de hasta 10 d\u00edas h\u00e1biles a partir de la recepci\u00f3n de un mensaje de texto en su tel\u00e9fono.<\/p>\n\n\n\n<p>Queremos informarle que estaremos atentos al seguimiento de su env\u00edo, pero no podemos hacernos responsables de los da\u00f1os o p\u00e9rdidas causados por el servicio de env\u00edo. En caso de que ocurra alg\u00fan problema, le recomendamos que se comunique directamente con el servicio de env\u00edo para presentar cualquier reclamo que sea necesario. Es necesario que <strong>revisen bien la direcci\u00f3n <\/strong> donde se enviar\u00e1n los productos <strong>antes de completar la compra<\/strong>.<br>Cualquier duda, por favor, <a href=\"https:\/\/casa-gawa.cl\/cg\/contacto\/\">cont\u00e1ctenos a trav\u00e9s del formulario<\/a>.<\/p>\n<\/div>\n<\/div>\n\n\n\n<hr class=\"wp-block-separator has-alpha-channel-opacity\"\/>\n\n\n\n<h2 class=\"wp-block-heading\"><strong>Cambio y Devoluci\u00f3n<\/strong><\/h2>\n\n\n\n<p>Es importante considerar que en nuestra tienda ofrecemos productos hechos a mano y\/o con materiales reciclados, los cuales pueden presentar detalles disparejos u otras imperfecciones. Estas caracter\u00edsticas son normales y forman parte de la singularidad de cada producto. Queremos asegurarte que hemos revisado minuciosamente todos nuestros productos. Valoramos la autenticidad y singularidad de cada art\u00edculo con esta descripci\u00f3n.<\/p>\n\n\n\n<p>No se admiten devoluciones para productos en oferta ni para aquellos clasificados como &#8216;segunda categor\u00eda&#8217;, cuyos detalles se especifican en la descripci\u00f3n del producto.<\/p>\n\n\n\n<p>NO cubrimos los gastos de env\u00edo para cambios, devoluciones y la recepci\u00f3n de productos nuevos. Sin embargo, si recibimos la solicitud y los productos fuera del plazo establecido, lamentablemente no podremos aceptar devoluciones.<\/p>\n\n\n\n<p>No somos responsables si el defecto fue causado por el servicio de env\u00edo.<\/p>\n\n\n\n<p>Para las devoluciones, los plazos son los siguientes:<\/p>\n\n\n\n<blockquote class=\"wp-block-quote is-layout-flow wp-block-quote-is-layout-flow\">\n<ul class=\"wp-block-list\">\n<li>Devoluci\u00f3n o cambio de producto: Dispone de un plazo de 10 d\u00edas a partir de la recepci\u00f3n del producto desde la fecha de entrega, siempre y cuando estos se encuentren en perfecto estado, sin uso y con todas sus etiquetas y accesorios originales.<\/li>\n\n\n\n<li> Garant\u00eda Legal: La garant\u00eda legal es v\u00e1lida por tres meses desde la fecha de entrega del producto y cubre defectos de f\u00e1brica. Por favor, en caso de requerir un cambio, no contacte directamente a la f\u00e1brica, <a href=\"https:\/\/casa-gawa.cl\/cg\/contacto\/\">cont\u00e1ctenos a trav\u00e9s del formulario<\/a> correspondiente. El cambio por otro producto de igual valor o el pago de la diferencia solo aplica si el producto se encuentra en su embalaje original, sin uso y con todas sus etiquetas y accesorios originales.  <\/li>\n<\/ul>\n<\/blockquote>\n\n\n\n<p>Para que podamos revisar su caso, le solicitamos que nos env\u00ede un correo electr\u00f3nico que incluya los siguientes elementos:<\/p>\n\n\n\n<blockquote class=\"wp-block-quote is-style-default is-layout-flow wp-block-quote-is-layout-flow\">\n<ul class=\"wp-block-list\">\n<li>El n\u00famero de la orden de compra.<\/li>\n\n\n\n<li>Fotos o video del producto que nos permita evaluar el caso.<\/li>\n\n\n\n<li>Una copia de la boleta o voucher correspondiente.<\/li>\n<\/ul>\n<\/blockquote>\n\n\n\n<p>Por favor, env\u00ede esta informaci\u00f3n a <a href=\"mailto:pedidos@casa-gawa.cl\" target=\"_new\" rel=\"noopener\">pedidos@casa-gawa.cl<\/a>. Estaremos encantados de ayudarle.<\/p>\n\n\n\n<p>Cuando recibimos los productos y, despu\u00e9s de realizar la revisi\u00f3n, detectamos defectos, procedemos a realizar el reembolso en un plazo de 5 d\u00edas h\u00e1biles utilizando el mismo medio de pago que se utiliz\u00f3 para la compra. Si el reembolso no se ha completado dentro de este per\u00edodo, le rogamos que se comunique con nosotros.<\/p>\n\n\n\n<p>Si tiene alguna pregunta, por favor, no dude en ponerse en contacto con nosotros <a href=\"https:\/\/casa-gawa.cl\/cg\/contacto\/\">a trav\u00e9s del formulario<\/a>  o mediante el Chat Box (\u00edcono azul en la esquina derecha inferior de esta p\u00e1gina) y indicar el n\u00famero de pedido para facilitar la consulta.<\/p>\n\n\n\n<blockquote class=\"wp-block-quote is-layout-flow wp-block-quote-is-layout-flow\">\n<p>Todo el proceso de compra y la respuesta a sus consultas se llevar\u00e1n a cabo a trav\u00e9s del correo electr\u00f3nico. Le pedimos que revise su carpeta de &#8216;spam&#8217;, &#8216;Junk Mail&#8217; o similares y que agregue nuestra direcci\u00f3n a sus contactos para asegurarse de que nuestras correspondencias de Casa GAW\u00c2 no se desv\u00eden a esas carpetas en el futuro. \u00a1Gracias!<\/p>\n<\/blockquote>\n\n\n\n<hr class=\"wp-block-separator has-alpha-channel-opacity\"\/>\n\n\n\n<h3 class=\"wp-block-heading alignfull has-text-align-center\"><strong><em>Muchas gracias por visitar nuestra tienda y vuelva pronto.<\/em><\/strong><\/h3>\n","protected":false},"excerpt":{"rendered":"<p>*Nota: Nota Importante: Querido\/a visitante, Es un placer recibirte en nuestra tienda virtual. Si est\u00e1s leyendo esta p\u00e1gina en ingl\u00e9s o filipino, queremos informarte que se trata de una traducci\u00f3n autom\u00e1tica. Nos esforzamos por ofrecerte la mejor experiencia posible, y aunque hemos implementado esta traducci\u00f3n para tu comodidad, siempre recomendamos revisar la versi\u00f3n original en [&hellip;]<\/p>\n","protected":false},"author":1,"featured_media":0,"parent":0,"menu_order":0,"comment_status":"closed","ping_status":"closed","template":"","meta":{"footnotes":""},"class_list":["post-821","page","type-page","status-publish","hentry"],"_links":{"self":[{"href":"https:\/\/casa-gawa.cl\/cg\/wp-json\/wp\/v2\/pages\/821","targetHints":{"allow":["GET"]}}],"collection":[{"href":"https:\/\/casa-gawa.cl\/cg\/wp-json\/wp\/v2\/pages"}],"about":[{"href":"https:\/\/casa-gawa.cl\/cg\/wp-json\/wp\/v2\/types\/page"}],"author":[{"embeddable":true,"href":"https:\/\/casa-gawa.cl\/cg\/wp-json\/wp\/v2\/users\/1"}],"replies":[{"embeddable":true,"href":"https:\/\/casa-gawa.cl\/cg\/wp-json\/wp\/v2\/comments?post=821"}],"version-history":[{"count":57,"href":"https:\/\/casa-gawa.cl\/cg\/wp-json\/wp\/v2\/pages\/821\/revisions"}],"predecessor-version":[{"id":3087,"href":"https:\/\/casa-gawa.cl\/cg\/wp-json\/wp\/v2\/pages\/821\/revisions\/3087"}],"wp:attachment":[{"href":"https:\/\/casa-gawa.cl\/cg\/wp-json\/wp\/v2\/media?parent=821"}],"curies":[{"name":"wp","href":"https:\/\/api.w.org\/{rel}","templated":true}]}}