{"id":484,"date":"2023-05-01T15:42:50","date_gmt":"2023-05-01T19:42:50","guid":{"rendered":"https:\/\/casa-gawa.cl\/cg\/?page_id=484"},"modified":"2024-05-08T10:16:53","modified_gmt":"2024-05-08T14:16:53","slug":"sobre-casa-gawa","status":"publish","type":"page","link":"https:\/\/casa-gawa.cl\/cg\/sobre-casa-gawa\/","title":{"rendered":"Sobre Casa GAW\u00c2"},"content":{"rendered":"\n<hr class=\"wp-block-separator has-css-opacity is-style-default\"\/>\n\n\n\n<div class=\"wp-block-group alignfull has-background\" style=\"background-color:#f2f0e9\"><div class=\"wp-block-group__inner-container is-layout-flow wp-block-group-is-layout-flow\">\n<div style=\"height:70px\" aria-hidden=\"true\" class=\"wp-block-spacer\"><\/div>\n\n\n\n<div class=\"wp-block-columns alignwide are-vertically-aligned-center is-layout-flex wp-container-core-columns-is-layout-28f84493 wp-block-columns-is-layout-flex\">\n<div class=\"wp-block-column is-layout-flow wp-block-column-is-layout-flow\" style=\"flex-basis:50%\">\n<p class=\"has-text-color\" style=\"color:#000000;font-size:30px;line-height:1.1\"><strong>el <strong><strong><em>Gigil<\/em> y el <em>Kilig <\/em>para el alma.<\/strong><\/strong><\/strong><\/p>\n<\/div>\n\n\n\n<div class=\"wp-block-column is-layout-flow wp-block-column-is-layout-flow\" style=\"flex-basis:50%\">\n<hr class=\"wp-block-separator has-text-color has-css-opacity has-background is-style-wide\" style=\"background-color:#000000;color:#000000\"\/>\n<\/div>\n<\/div>\n\n\n\n<div class=\"wp-block-columns alignwide is-layout-flex wp-container-core-columns-is-layout-28f84493 wp-block-columns-is-layout-flex\">\n<div class=\"wp-block-column is-layout-flow wp-block-column-is-layout-flow\"><\/div>\n\n\n\n<div class=\"wp-block-column is-layout-flow wp-block-column-is-layout-flow\">\n<p class=\"has-text-color has-extra-small-font-size\" style=\"color:#000000\"><strong>Casa GAW\u00c2<sup>\u00ae<\/sup><\/strong> es una tienda virtual familiar fundada a principios de 2023 en Valdivia, Chile. \u00a1Bienvenida y Bienvenido! <\/p>\n\n\n\n<p><strong>Casa GAW\u00c2<\/strong> se dedica a ofrecer una amplia gama de productos exclusivos para el hogar y el escritorio como de papeler\u00eda y otros accesorios. Nuestra oferta incluye art\u00edculos hechos y\/o dise\u00f1ados en nuestros propios talleres, as\u00ed como productos importados, principalmente de la regi\u00f3n asi\u00e1tica. \u00a1Descubre lo que tenemos para ofrecerte!<\/p>\n\n\n\n<p class=\"has-text-color has-extra-small-font-size\" style=\"color:#000000\">Nuestros productos importados, disponibles en cantidades limitadas, y los materiales utilizados para crear nuestros obsequios en talleres familiares han sido seleccionados con gran atenci\u00f3n y preferencia, dando prioridad, siempre que sea posible, a aquellos que son respetuosos con el medio ambiente. En <strong>Casa GAW\u00c2<\/strong> , valoramos la sostenibilidad y la calidad en cada elemento que ofrecemos.<\/p>\n\n\n\n<p>Descubre un mundo de posibilidades en Casa GAW\u00c2, donde cada art\u00edculo cuenta su propia historia de innovaci\u00f3n y calidad.<\/p>\n<\/div>\n\n\n\n<div class=\"wp-block-column is-layout-flow wp-block-column-is-layout-flow\">\n<p><strong>gaw\u00e2: (lenguaje Tagalog, verbo\/sustantivo)<\/strong> &#8220;La magia de crear, donde tus ideas toman forma y tus sue\u00f1os se convierten en realidad.&#8221;<\/p>\n\n\n\n<p><strong>gigil: (lenguaje Tagalog, sustantivo\/verbo)<\/strong> &#8220;La dulce y traviesa urgencia de querer apretar o mimar algo o alguien cuando su ternura nos abruma y cautiva.&#8221;<\/p>\n\n\n\n<p><strong>kilig: (lenguaje Tagalog, sustantivo\/verbo)<\/strong> &#8220;La maravillosa sensaci\u00f3n de sentir mariposas en el est\u00f3mago, como si el mundo se volviera m\u00e1s luminoso, cuando compartes momentos especiales con alguien que te hace sonre\u00edr y latir el coraz\u00f3n m\u00e1s r\u00e1pido., como un dulce secreto que solo el coraz\u00f3n puede entender.&#8221;<\/p>\n\n\n\n<div class=\"wp-block-buttons is-layout-flex wp-container-core-buttons-is-layout-9bedd9bf wp-block-buttons-is-layout-flex\">\n<div class=\"wp-block-button is-style-fill\"><a class=\"wp-block-button__link has-cyan-bluish-gray-background-color has-background has-text-align-center wp-element-button\" href=\"https:\/\/casa-gawa.cl\/cg\/\" style=\"border-radius:54px\">Visita la tiendita<\/a><\/div>\n<\/div>\n\n\n\n<div class=\"wp-block-buttons is-layout-flex wp-block-buttons-is-layout-flex\">\n<div class=\"wp-block-button is-style-fill\"><a class=\"wp-block-button__link has-cyan-bluish-gray-background-color has-background wp-element-button\" href=\"https:\/\/www.instagram.com\/casa_gawa\/\" style=\"border-radius:26px\">Instagram<\/a><\/div>\n<\/div>\n<\/div>\n<\/div>\n\n\n\n<div style=\"height:40px\" aria-hidden=\"true\" class=\"wp-block-spacer\"><\/div>\n<\/div><\/div>\n\n\n\n<hr class=\"wp-block-separator has-css-opacity is-style-default\"\/>\n\n\n<div class=\"wp-block-image is-style-rounded\">\n<figure class=\"aligncenter size-large is-resized\"><img loading=\"lazy\" decoding=\"async\" width=\"576\" height=\"576\" src=\"https:\/\/casa-gawa.cl\/cg\/wp-content\/uploads\/2023\/07\/photo_2023-07-16_20-00-15-edited.jpg\" alt=\"\" class=\"wp-image-918\" style=\"width:140px;height:140px\" srcset=\"https:\/\/casa-gawa.cl\/cg\/wp-content\/uploads\/2023\/07\/photo_2023-07-16_20-00-15-edited.jpg 576w, https:\/\/casa-gawa.cl\/cg\/wp-content\/uploads\/2023\/07\/photo_2023-07-16_20-00-15-edited-324x324.jpg 324w, https:\/\/casa-gawa.cl\/cg\/wp-content\/uploads\/2023\/07\/photo_2023-07-16_20-00-15-edited-100x100.jpg 100w, https:\/\/casa-gawa.cl\/cg\/wp-content\/uploads\/2023\/07\/photo_2023-07-16_20-00-15-edited-416x416.jpg 416w, https:\/\/casa-gawa.cl\/cg\/wp-content\/uploads\/2023\/07\/photo_2023-07-16_20-00-15-edited-300x300.jpg 300w, https:\/\/casa-gawa.cl\/cg\/wp-content\/uploads\/2023\/07\/photo_2023-07-16_20-00-15-edited-150x150.jpg 150w\" sizes=\"auto, (max-width: 576px) 100vw, 576px\" \/><\/figure>\n<\/div>\n\n\n<blockquote class=\"wp-block-quote has-text-align-center is-style-large is-style-default is-layout-flow wp-block-quote-is-layout-flow\">\n<p class=\"has-text-align-center\">Isang taos-pusong pasasalamat sa inyong pagbisita sa aming tindahan online at sa inyong suporta sa mga maliliit na negosyo.<br>Balik p\u00f4 kayo!<\/p>\n\n\n\n<p>\u00a1Agradecemos mucho su visita y su apoyo a los peque\u00f1os emprendimientos!<br>\u00a1Esperamos verlo de nuevo pronto!<\/p>\n<cite>\u2014 Grace, fundadora de Casa GAW\u00c2<strong><sup>\u00ae<\/sup><\/strong><\/cite><\/blockquote>\n\n\n\n<hr class=\"wp-block-separator has-css-opacity is-style-default\"\/>\n\n\n\n<div class=\"wp-block-buttons alignwide is-content-justification-center is-layout-flex wp-container-core-buttons-is-layout-a89b3969 wp-block-buttons-is-layout-flex\">\n<div class=\"wp-block-button is-style-outline is-style-outline--1\"><a class=\"wp-block-button__link has-background wp-element-button\" href=\"https:\/\/casa-gawa.cl\/cg\/contacto\/\" style=\"border-radius:16px;background-color:#dce7ea\" target=\"_blank\" rel=\"noreferrer noopener\">Dej\u00e1nos un mensajito<\/a><\/div>\n<\/div>\n","protected":false},"excerpt":{"rendered":"<p>el Gigil y el Kilig para el alma. Casa GAW\u00c2\u00ae es una tienda virtual familiar fundada a principios de 2023 en Valdivia, Chile. \u00a1Bienvenida y Bienvenido! Casa GAW\u00c2 se dedica a ofrecer una amplia gama de productos exclusivos para el hogar y el escritorio como de papeler\u00eda y otros accesorios. Nuestra oferta incluye art\u00edculos hechos [&hellip;]<\/p>\n","protected":false},"author":1,"featured_media":0,"parent":0,"menu_order":0,"comment_status":"closed","ping_status":"closed","template":"","meta":{"footnotes":""},"class_list":["post-484","page","type-page","status-publish","hentry"],"_links":{"self":[{"href":"https:\/\/casa-gawa.cl\/cg\/wp-json\/wp\/v2\/pages\/484","targetHints":{"allow":["GET"]}}],"collection":[{"href":"https:\/\/casa-gawa.cl\/cg\/wp-json\/wp\/v2\/pages"}],"about":[{"href":"https:\/\/casa-gawa.cl\/cg\/wp-json\/wp\/v2\/types\/page"}],"author":[{"embeddable":true,"href":"https:\/\/casa-gawa.cl\/cg\/wp-json\/wp\/v2\/users\/1"}],"replies":[{"embeddable":true,"href":"https:\/\/casa-gawa.cl\/cg\/wp-json\/wp\/v2\/comments?post=484"}],"version-history":[{"count":100,"href":"https:\/\/casa-gawa.cl\/cg\/wp-json\/wp\/v2\/pages\/484\/revisions"}],"predecessor-version":[{"id":2583,"href":"https:\/\/casa-gawa.cl\/cg\/wp-json\/wp\/v2\/pages\/484\/revisions\/2583"}],"wp:attachment":[{"href":"https:\/\/casa-gawa.cl\/cg\/wp-json\/wp\/v2\/media?parent=484"}],"curies":[{"name":"wp","href":"https:\/\/api.w.org\/{rel}","templated":true}]}}